{"id":2370,"date":"2020-10-08T21:33:32","date_gmt":"2020-10-08T21:33:32","guid":{"rendered":"https:\/\/loadzx.com\/loadvisitorguide\/?page_id=2370"},"modified":"2021-11-05T03:12:17","modified_gmt":"2021-11-05T03:12:17","slug":"pt-c30310","status":"publish","type":"page","link":"https:\/\/loadzx.com\/loadvisitorguide\/pt-c30310\/","title":{"rendered":"30310 &#8211; Placas ZX Spectrum 16\/48K &#8211; Variants"},"content":{"rendered":"\t\t<div data-elementor-type=\"wp-post\" data-elementor-id=\"2370\" class=\"elementor elementor-2370\">\n\t\t\t\t\t\t<section class=\"has_eae_slider elementor-section elementor-top-section elementor-element elementor-element-4bd9efd elementor-section-boxed elementor-section-height-default elementor-section-height-default\" data-eae-slider=\"28544\" data-id=\"4bd9efd\" data-element_type=\"section\" data-e-type=\"section\">\n\t\t\t\t\t\t<div class=\"elementor-container elementor-column-gap-default\">\n\t\t\t\t\t<div class=\"has_eae_slider elementor-column elementor-col-100 elementor-top-column elementor-element elementor-element-1c81ffa\" data-eae-slider=\"8973\" data-id=\"1c81ffa\" data-element_type=\"column\" data-e-type=\"column\">\n\t\t\t<div class=\"elementor-widget-wrap elementor-element-populated\">\n\t\t\t\t\t\t<div class=\"elementor-element elementor-element-0667f4b elementor-widget elementor-widget-heading\" data-id=\"0667f4b\" data-element_type=\"widget\" data-e-type=\"widget\" data-widget_type=\"heading.default\">\n\t\t\t\t<div class=\"elementor-widget-container\">\n\t\t\t\t\t<h2 class=\"elementor-heading-title elementor-size-default\">Guia de Visita<\/h2>\t\t\t\t<\/div>\n\t\t\t\t<\/div>\n\t\t\t\t\t<\/div>\n\t\t<\/div>\n\t\t\t\t\t<\/div>\n\t\t<\/section>\n\t\t\t\t<section class=\"has_eae_slider elementor-section elementor-top-section elementor-element elementor-element-72897bd elementor-section-items-top elementor-section-content-middle elementor-section-height-min-height elementor-section-boxed elementor-section-height-default\" data-eae-slider=\"76218\" data-id=\"72897bd\" data-element_type=\"section\" data-e-type=\"section\" data-settings=\"{&quot;background_background&quot;:&quot;classic&quot;}\">\n\t\t\t\t\t\t\t<div class=\"elementor-background-overlay\"><\/div>\n\t\t\t\t\t\t\t<div class=\"elementor-container elementor-column-gap-no\">\n\t\t\t\t\t<div class=\"has_eae_slider elementor-column elementor-col-12 elementor-top-column elementor-element elementor-element-7199241\" data-eae-slider=\"27816\" data-id=\"7199241\" data-element_type=\"column\" data-e-type=\"column\">\n\t\t\t<div class=\"elementor-widget-wrap elementor-element-populated\">\n\t\t\t\t\t\t<div class=\"elementor-element elementor-element-39cbef1 elementor-widget elementor-widget-heading\" data-id=\"39cbef1\" data-element_type=\"widget\" data-e-type=\"widget\" id=\"headCurPage\" data-widget_type=\"heading.default\">\n\t\t\t\t<div class=\"elementor-widget-container\">\n\t\t\t\t\t<h2 class=\"elementor-heading-title elementor-size-default\">NNNNN<\/h2>\t\t\t\t<\/div>\n\t\t\t\t<\/div>\n\t\t\t\t\t<\/div>\n\t\t<\/div>\n\t\t\t\t<div class=\"has_eae_slider elementor-column elementor-col-12 elementor-top-column elementor-element elementor-element-65c3dcf\" data-eae-slider=\"33864\" data-id=\"65c3dcf\" data-element_type=\"column\" data-e-type=\"column\">\n\t\t\t<div class=\"elementor-widget-wrap\">\n\t\t\t\t\t\t\t<\/div>\n\t\t<\/div>\n\t\t\t\t<div class=\"has_eae_slider elementor-column elementor-col-12 elementor-top-column elementor-element elementor-element-7258c70\" data-eae-slider=\"98885\" data-id=\"7258c70\" data-element_type=\"column\" data-e-type=\"column\">\n\t\t\t<div class=\"elementor-widget-wrap elementor-element-populated\">\n\t\t\t\t\t\t<div class=\"elementor-element elementor-element-5cbf277 elementor-widget elementor-widget-html\" data-id=\"5cbf277\" data-element_type=\"widget\" data-e-type=\"widget\" data-widget_type=\"html.default\">\n\t\t\t\t<div class=\"elementor-widget-container\">\n\t\t\t\t\t<label for=\"textNumberPage\"><\/label>\r\n\r\n<input type=\"text\" id=\"textNumberPage\" name=\"textNumberPage\" required\r\n       minlength=\"1\" maxlength=\"5\" size=\"5\" style=\"font-size: 8px; max-width:200px;height: 24px;\">\r\n \t\t\t\t<\/div>\n\t\t\t\t<\/div>\n\t\t\t\t\t<\/div>\n\t\t<\/div>\n\t\t\t\t<div class=\"has_eae_slider elementor-column elementor-col-12 elementor-top-column elementor-element elementor-element-68e3d23\" data-eae-slider=\"70092\" data-id=\"68e3d23\" data-element_type=\"column\" data-e-type=\"column\">\n\t\t\t<div class=\"elementor-widget-wrap elementor-element-populated\">\n\t\t\t\t\t\t<div class=\"elementor-element elementor-element-32581e7 elementor-button-success elementor-align-left elementor-widget elementor-widget-button\" data-id=\"32581e7\" data-element_type=\"widget\" data-e-type=\"widget\" data-widget_type=\"button.default\">\n\t\t\t\t<div class=\"elementor-widget-container\">\n\t\t\t\t\t\t\t\t\t<div class=\"elementor-button-wrapper\">\n\t\t\t\t\t<a class=\"elementor-button elementor-button-link elementor-size-xs\" href=\"https:\/\/loadzx.com\/loadvisitorguide\/pt-c1\" id=\"numberPageGo\">\n\t\t\t\t\t\t<span class=\"elementor-button-content-wrapper\">\n\t\t\t\t\t\t\t\t\t<span class=\"elementor-button-text\">GO<\/span>\n\t\t\t\t\t<\/span>\n\t\t\t\t\t<\/a>\n\t\t\t\t<\/div>\n\t\t\t\t\t\t\t\t<\/div>\n\t\t\t\t<\/div>\n\t\t\t\t\t<\/div>\n\t\t<\/div>\n\t\t\t\t<div class=\"has_eae_slider elementor-column elementor-col-12 elementor-top-column elementor-element elementor-element-a5924cf\" data-eae-slider=\"35390\" data-id=\"a5924cf\" data-element_type=\"column\" data-e-type=\"column\">\n\t\t\t<div class=\"elementor-widget-wrap elementor-element-populated\">\n\t\t\t\t\t\t<div class=\"elementor-element elementor-element-0783365 elementor-button-success elementor-align-left elementor-widget elementor-widget-button\" data-id=\"0783365\" data-element_type=\"widget\" data-e-type=\"widget\" data-widget_type=\"button.default\">\n\t\t\t\t<div class=\"elementor-widget-container\">\n\t\t\t\t\t\t\t\t\t<div class=\"elementor-button-wrapper\">\n\t\t\t\t\t<a class=\"elementor-button elementor-button-link elementor-size-xs\" href=\"https:\/\/loadzx.com\/loadvisitorguide\/C1\" id=\"headJumpFirst\">\n\t\t\t\t\t\t<span class=\"elementor-button-content-wrapper\">\n\t\t\t\t\t\t\t\t\t<span class=\"elementor-button-text\">#1<\/span>\n\t\t\t\t\t<\/span>\n\t\t\t\t\t<\/a>\n\t\t\t\t<\/div>\n\t\t\t\t\t\t\t\t<\/div>\n\t\t\t\t<\/div>\n\t\t\t\t\t<\/div>\n\t\t<\/div>\n\t\t\t\t<div class=\"has_eae_slider elementor-column elementor-col-12 elementor-top-column elementor-element elementor-element-9b956bc\" data-eae-slider=\"70481\" data-id=\"9b956bc\" data-element_type=\"column\" data-e-type=\"column\">\n\t\t\t<div class=\"elementor-widget-wrap elementor-element-populated\">\n\t\t\t\t\t\t<section class=\"has_eae_slider elementor-section elementor-inner-section elementor-element elementor-element-0a2cd7e elementor-section-content-middle elementor-section-boxed elementor-section-height-default elementor-section-height-default\" data-eae-slider=\"36021\" data-id=\"0a2cd7e\" data-element_type=\"section\" data-e-type=\"section\">\n\t\t\t\t\t\t<div class=\"elementor-container elementor-column-gap-default\">\n\t\t\t\t\t<div class=\"has_eae_slider elementor-column elementor-col-33 elementor-inner-column elementor-element elementor-element-f2d0124\" data-eae-slider=\"68339\" data-id=\"f2d0124\" data-element_type=\"column\" data-e-type=\"column\">\n\t\t\t<div class=\"elementor-widget-wrap elementor-element-populated\">\n\t\t\t\t\t\t<div class=\"elementor-element elementor-element-ded4ff9 elementor-align-right elementor-widget elementor-widget-button\" data-id=\"ded4ff9\" data-element_type=\"widget\" data-e-type=\"widget\" data-widget_type=\"button.default\">\n\t\t\t\t<div class=\"elementor-widget-container\">\n\t\t\t\t\t\t\t\t\t<div class=\"elementor-button-wrapper\">\n\t\t\t\t\t<a class=\"elementor-button elementor-button-link elementor-size-sm\" href=\"https:\/\/loadzx.com\/loadvisitorguide\/tvcontents\/pt\/C1\" id=\"ptLink\">\n\t\t\t\t\t\t<span class=\"elementor-button-content-wrapper\">\n\t\t\t\t\t\t\t\t\t<span class=\"elementor-button-text\">PT<\/span>\n\t\t\t\t\t<\/span>\n\t\t\t\t\t<\/a>\n\t\t\t\t<\/div>\n\t\t\t\t\t\t\t\t<\/div>\n\t\t\t\t<\/div>\n\t\t\t\t\t<\/div>\n\t\t<\/div>\n\t\t\t\t<div class=\"has_eae_slider elementor-column elementor-col-33 elementor-inner-column elementor-element elementor-element-ffa3a77\" data-eae-slider=\"3126\" data-id=\"ffa3a77\" data-element_type=\"column\" data-e-type=\"column\">\n\t\t\t<div class=\"elementor-widget-wrap elementor-element-populated\">\n\t\t\t\t\t\t<div class=\"elementor-element elementor-element-9a13164 elementor-align-center elementor-widget elementor-widget-button\" data-id=\"9a13164\" data-element_type=\"widget\" data-e-type=\"widget\" data-widget_type=\"button.default\">\n\t\t\t\t<div class=\"elementor-widget-container\">\n\t\t\t\t\t\t\t\t\t<div class=\"elementor-button-wrapper\">\n\t\t\t\t\t<a class=\"elementor-button elementor-button-link elementor-size-sm\" href=\"https:\/\/loadzx.com\/loadvisitorguide\/tvcontents\/en\/C1\" id=\"enLink\">\n\t\t\t\t\t\t<span class=\"elementor-button-content-wrapper\">\n\t\t\t\t\t\t\t\t\t<span class=\"elementor-button-text\">EN<\/span>\n\t\t\t\t\t<\/span>\n\t\t\t\t\t<\/a>\n\t\t\t\t<\/div>\n\t\t\t\t\t\t\t\t<\/div>\n\t\t\t\t<\/div>\n\t\t\t\t\t<\/div>\n\t\t<\/div>\n\t\t\t\t<div class=\"has_eae_slider elementor-column elementor-col-33 elementor-inner-column elementor-element elementor-element-31f0608\" data-eae-slider=\"34009\" data-id=\"31f0608\" data-element_type=\"column\" data-e-type=\"column\">\n\t\t\t<div class=\"elementor-widget-wrap elementor-element-populated\">\n\t\t\t\t\t\t<div class=\"elementor-element elementor-element-87fdbea elementor-align-left elementor-widget elementor-widget-button\" data-id=\"87fdbea\" data-element_type=\"widget\" data-e-type=\"widget\" data-widget_type=\"button.default\">\n\t\t\t\t<div class=\"elementor-widget-container\">\n\t\t\t\t\t\t\t\t\t<div class=\"elementor-button-wrapper\">\n\t\t\t\t\t<a class=\"elementor-button elementor-button-link elementor-size-sm\" href=\"https:\/\/loadzx.com\/loadvisitorguide\/tvcontents\/es\/C1\" id=\"esLink\">\n\t\t\t\t\t\t<span class=\"elementor-button-content-wrapper\">\n\t\t\t\t\t\t\t\t\t<span class=\"elementor-button-text\">ES<\/span>\n\t\t\t\t\t<\/span>\n\t\t\t\t\t<\/a>\n\t\t\t\t<\/div>\n\t\t\t\t\t\t\t\t<\/div>\n\t\t\t\t<\/div>\n\t\t\t\t\t<\/div>\n\t\t<\/div>\n\t\t\t\t\t<\/div>\n\t\t<\/section>\n\t\t\t\t\t<\/div>\n\t\t<\/div>\n\t\t\t\t<div class=\"has_eae_slider elementor-column elementor-col-12 elementor-top-column elementor-element elementor-element-a480353 elementor-hidden-phone\" data-eae-slider=\"57968\" data-id=\"a480353\" data-element_type=\"column\" data-e-type=\"column\">\n\t\t\t<div class=\"elementor-widget-wrap\">\n\t\t\t\t\t\t\t<\/div>\n\t\t<\/div>\n\t\t\t\t<div class=\"has_eae_slider elementor-column elementor-col-12 elementor-top-column elementor-element elementor-element-2a45b49\" data-eae-slider=\"49499\" data-id=\"2a45b49\" data-element_type=\"column\" data-e-type=\"column\">\n\t\t\t<div class=\"elementor-widget-wrap elementor-element-populated\">\n\t\t\t\t\t\t<div class=\"elementor-element elementor-element-d82bfb4 elementor-widget elementor-widget-image\" data-id=\"d82bfb4\" data-element_type=\"widget\" data-e-type=\"widget\" data-widget_type=\"image.default\">\n\t\t\t\t<div class=\"elementor-widget-container\">\n\t\t\t\t\t\t\t\t\t\t\t\t\t\t\t<img decoding=\"async\" width=\"300\" height=\"133\" src=\"https:\/\/loadzx.com\/loadvisitorguide\/wp-content\/uploads\/2020\/03\/logo_LOAD_cor_invertido-smaller_borders-300x133.png\" class=\"attachment-medium size-medium wp-image-1179\" alt=\"\" srcset=\"https:\/\/loadzx.com\/loadvisitorguide\/wp-content\/uploads\/2020\/03\/logo_LOAD_cor_invertido-smaller_borders-300x133.png 300w, https:\/\/loadzx.com\/loadvisitorguide\/wp-content\/uploads\/2020\/03\/logo_LOAD_cor_invertido-smaller_borders-768x342.png 768w, https:\/\/loadzx.com\/loadvisitorguide\/wp-content\/uploads\/2020\/03\/logo_LOAD_cor_invertido-smaller_borders.png 904w\" sizes=\"(max-width: 300px) 100vw, 300px\" \/>\t\t\t\t\t\t\t\t\t\t\t\t\t\t\t<\/div>\n\t\t\t\t<\/div>\n\t\t\t\t\t<\/div>\n\t\t<\/div>\n\t\t\t\t\t<\/div>\n\t\t<\/section>\n\t\t\t\t<section class=\"has_eae_slider elementor-section elementor-top-section elementor-element elementor-element-9e8d5cd elementor-section-boxed elementor-section-height-default elementor-section-height-default\" data-eae-slider=\"92389\" data-id=\"9e8d5cd\" data-element_type=\"section\" data-e-type=\"section\">\n\t\t\t\t\t\t<div class=\"elementor-container elementor-column-gap-default\">\n\t\t\t\t\t<div class=\"has_eae_slider elementor-column elementor-col-33 elementor-top-column elementor-element elementor-element-b8e6c10\" data-eae-slider=\"55433\" data-id=\"b8e6c10\" data-element_type=\"column\" data-e-type=\"column\">\n\t\t\t<div class=\"elementor-widget-wrap elementor-element-populated\">\n\t\t\t\t\t\t<div class=\"elementor-element elementor-element-bf596d4 elementor-view-default elementor-widget elementor-widget-icon\" data-id=\"bf596d4\" data-element_type=\"widget\" data-e-type=\"widget\" data-widget_type=\"icon.default\">\n\t\t\t\t<div class=\"elementor-widget-container\">\n\t\t\t\t\t\t\t<div class=\"elementor-icon-wrapper\">\n\t\t\t<a class=\"elementor-icon\" href=\"https:\/\/loadzx.com\/loadvisitorguide\/c1\" id=\"previousNavigation\">\n\t\t\t<i aria-hidden=\"true\" class=\"fas fa-arrow-alt-circle-left\"><\/i>\t\t\t<\/a>\n\t\t<\/div>\n\t\t\t\t\t\t<\/div>\n\t\t\t\t<\/div>\n\t\t\t\t\t<\/div>\n\t\t<\/div>\n\t\t\t\t<div class=\"has_eae_slider elementor-column elementor-col-33 elementor-top-column elementor-element elementor-element-95ae447\" data-eae-slider=\"62661\" data-id=\"95ae447\" data-element_type=\"column\" data-e-type=\"column\">\n\t\t\t<div class=\"elementor-widget-wrap\">\n\t\t\t\t\t\t\t<\/div>\n\t\t<\/div>\n\t\t\t\t<div class=\"has_eae_slider elementor-column elementor-col-33 elementor-top-column elementor-element elementor-element-17b9aea\" data-eae-slider=\"93738\" data-id=\"17b9aea\" data-element_type=\"column\" data-e-type=\"column\">\n\t\t\t<div class=\"elementor-widget-wrap elementor-element-populated\">\n\t\t\t\t\t\t<div class=\"elementor-element elementor-element-033f518 elementor-view-default elementor-widget elementor-widget-icon\" data-id=\"033f518\" data-element_type=\"widget\" data-e-type=\"widget\" data-widget_type=\"icon.default\">\n\t\t\t\t<div class=\"elementor-widget-container\">\n\t\t\t\t\t\t\t<div class=\"elementor-icon-wrapper\">\n\t\t\t<a class=\"elementor-icon\" href=\"https:\/\/loadzx.com\/loadvisitorguide\/c4\" id=\"nextNavigation\">\n\t\t\t<i aria-hidden=\"true\" class=\"fas fa-arrow-alt-circle-right\"><\/i>\t\t\t<\/a>\n\t\t<\/div>\n\t\t\t\t\t\t<\/div>\n\t\t\t\t<\/div>\n\t\t\t\t\t<\/div>\n\t\t<\/div>\n\t\t\t\t\t<\/div>\n\t\t<\/section>\n\t\t\t\t<section class=\"has_eae_slider elementor-section elementor-top-section elementor-element elementor-element-acda2f3 elementor-section-stretched elementor-section-boxed elementor-section-height-default elementor-section-height-default\" data-eae-slider=\"6267\" data-id=\"acda2f3\" data-element_type=\"section\" data-e-type=\"section\" data-settings=\"{&quot;background_background&quot;:&quot;classic&quot;,&quot;stretch_section&quot;:&quot;section-stretched&quot;}\">\n\t\t\t\t\t\t\t<div class=\"elementor-background-overlay\"><\/div>\n\t\t\t\t\t\t\t<div class=\"elementor-container elementor-column-gap-no\">\n\t\t\t\t\t<div class=\"has_eae_slider elementor-column elementor-col-100 elementor-top-column elementor-element elementor-element-fd34f7d\" data-eae-slider=\"690\" data-id=\"fd34f7d\" data-element_type=\"column\" data-e-type=\"column\">\n\t\t\t<div class=\"elementor-widget-wrap elementor-element-populated\">\n\t\t\t\t\t\t<section class=\"has_eae_slider elementor-section elementor-inner-section elementor-element elementor-element-5dbb992 elementor-section-boxed elementor-section-height-default elementor-section-height-default\" data-eae-slider=\"62410\" data-id=\"5dbb992\" data-element_type=\"section\" data-e-type=\"section\">\n\t\t\t\t\t\t<div class=\"elementor-container elementor-column-gap-default\">\n\t\t\t\t\t<div class=\"has_eae_slider elementor-column elementor-col-100 elementor-inner-column elementor-element elementor-element-fd1e495\" data-eae-slider=\"9241\" data-id=\"fd1e495\" data-element_type=\"column\" data-e-type=\"column\">\n\t\t\t<div class=\"elementor-widget-wrap elementor-element-populated\">\n\t\t\t\t\t\t<div class=\"elementor-element elementor-element-0d7cb1d elementor-widget elementor-widget-heading\" data-id=\"0d7cb1d\" data-element_type=\"widget\" data-e-type=\"widget\" data-widget_type=\"heading.default\">\n\t\t\t\t<div class=\"elementor-widget-container\">\n\t\t\t\t\t<h2 class=\"elementor-heading-title elementor-size-default\">PLACAS ZX SPECTRUM 16\/48K - VARIANTES<\/h2>\t\t\t\t<\/div>\n\t\t\t\t<\/div>\n\t\t\t\t<div class=\"elementor-element elementor-element-4fd5a39 elementor-widget elementor-widget-text-editor\" data-id=\"4fd5a39\" data-element_type=\"widget\" data-e-type=\"widget\" data-widget_type=\"text-editor.default\">\n\t\t\t\t<div class=\"elementor-widget-container\">\n\t\t\t\t\t\t\t\t\tNeste expositor temos outras variantes complementares das placas do ZX Spectrum, indo ainda mais ao fundo do nosso lado de colecionador. De cima para baixo temos:\n<br>\n<br>\n<ul>\n \t<li>A primeira placa \u00e9 a que oficiosamente se chama issue 1.5, ou seja, uma placa issue 2, com uma ULA do issue 1.<\/li>\n \t<li>A segunda \u00e9 uma placa issue 2 com um das modifica\u00e7\u00f5es de f\u00e1brica para suprir limita\u00e7\u00f5es encontradas, neste caso o \u201ddiode-resistor fix\u201d.<\/li>\n \t<li>De seguida uma outra placa issue 2 mas agora com um \u201ctransistor fix\u201d e com o referido trans\u00edstor aplicado num s\u00edtio menos comum. A empresa Thorn EMI Datatech que montou Spectrums para a Sinclair e cujos n\u00fameros de s\u00e9rie come\u00e7am por D01- eram quem produzia estas placas. Esta tem ainda a particularidade de ser de 16KB e n\u00e3o 48KB<\/li>\n \t<li>Continuamos com um Samsung Issue 3B e tamb\u00e9m um Issue 4S (cujo nome vem precisamente do fabricante ser a Samsung). Reconhecem-se por terem esta prote\u00e7\u00e3o\/pel\u00edcula verde por cima da placa e s\u00e3o consideradas de maior qualidade.<\/li>\n \t<li>Temos ainda um Issue 3 amarelo e um Issue 4A amarelo que s\u00e3o esteticamente muito apelativos. O Issue 3 n\u00e3o possu\u00edmos, sendo uma foto cedida por outro bom amigo, o Brendan Alford. Existe ainda um Issue 3B amarelo que n\u00e3o est\u00e1 apresentado.<\/li>\n<\/ul>\t\t\t\t\t\t\t\t<\/div>\n\t\t\t\t<\/div>\n\t\t\t\t\t<\/div>\n\t\t<\/div>\n\t\t\t\t\t<\/div>\n\t\t<\/section>\n\t\t\t\t\t<\/div>\n\t\t<\/div>\n\t\t\t\t\t<\/div>\n\t\t<\/section>\n\t\t\t\t<\/div>\n\t\t","protected":false},"excerpt":{"rendered":"<p>Guia de Visita NNNNN GO #1 PT EN ES PLACAS ZX SPECTRUM 16\/48K &#8211; VARIANTES Neste expositor temos outras variantes complementares das placas do ZX Spectrum, indo ainda mais ao fundo do nosso lado de colecionador. De cima para baixo temos: A primeira placa \u00e9 a que oficiosamente se chama issue 1.5, ou seja, uma [&hellip;]<\/p>\n","protected":false},"author":1,"featured_media":0,"parent":0,"menu_order":0,"comment_status":"closed","ping_status":"closed","template":"","meta":{"site-sidebar-layout":"no-sidebar","site-content-layout":"page-builder","ast-site-content-layout":"default","site-content-style":"default","site-sidebar-style":"default","ast-global-header-display":"","ast-banner-title-visibility":"","ast-main-header-display":"","ast-hfb-above-header-display":"","ast-hfb-below-header-display":"","ast-hfb-mobile-header-display":"","site-post-title":"disabled","ast-breadcrumbs-content":"","ast-featured-img":"disabled","footer-sml-layout":"","ast-disable-related-posts":"","theme-transparent-header-meta":"enabled","adv-header-id-meta":"","stick-header-meta":"","header-above-stick-meta":"","header-main-stick-meta":"","header-below-stick-meta":"","astra-migrate-meta-layouts":"default","ast-page-background-enabled":"default","ast-page-background-meta":{"desktop":{"background-color":"var(--ast-global-color-4)","background-image":"","background-repeat":"repeat","background-position":"center center","background-size":"auto","background-attachment":"scroll","background-type":"","background-media":"","overlay-type":"","overlay-color":"","overlay-opacity":"","overlay-gradient":""},"tablet":{"background-color":"","background-image":"","background-repeat":"repeat","background-position":"center center","background-size":"auto","background-attachment":"scroll","background-type":"","background-media":"","overlay-type":"","overlay-color":"","overlay-opacity":"","overlay-gradient":""},"mobile":{"background-color":"","background-image":"","background-repeat":"repeat","background-position":"center center","background-size":"auto","background-attachment":"scroll","background-type":"","background-media":"","overlay-type":"","overlay-color":"","overlay-opacity":"","overlay-gradient":""}},"ast-content-background-meta":{"desktop":{"background-color":"var(--ast-global-color-5)","background-image":"","background-repeat":"repeat","background-position":"center center","background-size":"auto","background-attachment":"scroll","background-type":"","background-media":"","overlay-type":"","overlay-color":"","overlay-opacity":"","overlay-gradient":""},"tablet":{"background-color":"var(--ast-global-color-5)","background-image":"","background-repeat":"repeat","background-position":"center center","background-size":"auto","background-attachment":"scroll","background-type":"","background-media":"","overlay-type":"","overlay-color":"","overlay-opacity":"","overlay-gradient":""},"mobile":{"background-color":"var(--ast-global-color-5)","background-image":"","background-repeat":"repeat","background-position":"center center","background-size":"auto","background-attachment":"scroll","background-type":"","background-media":"","overlay-type":"","overlay-color":"","overlay-opacity":"","overlay-gradient":""}},"footnotes":""},"wf_page_folders":[11],"class_list":["post-2370","page","type-page","status-publish","hentry"],"_links":{"self":[{"href":"https:\/\/loadzx.com\/loadvisitorguide\/wp-json\/wp\/v2\/pages\/2370","targetHints":{"allow":["GET"]}}],"collection":[{"href":"https:\/\/loadzx.com\/loadvisitorguide\/wp-json\/wp\/v2\/pages"}],"about":[{"href":"https:\/\/loadzx.com\/loadvisitorguide\/wp-json\/wp\/v2\/types\/page"}],"author":[{"embeddable":true,"href":"https:\/\/loadzx.com\/loadvisitorguide\/wp-json\/wp\/v2\/users\/1"}],"replies":[{"embeddable":true,"href":"https:\/\/loadzx.com\/loadvisitorguide\/wp-json\/wp\/v2\/comments?post=2370"}],"version-history":[{"count":5,"href":"https:\/\/loadzx.com\/loadvisitorguide\/wp-json\/wp\/v2\/pages\/2370\/revisions"}],"predecessor-version":[{"id":5285,"href":"https:\/\/loadzx.com\/loadvisitorguide\/wp-json\/wp\/v2\/pages\/2370\/revisions\/5285"}],"wp:attachment":[{"href":"https:\/\/loadzx.com\/loadvisitorguide\/wp-json\/wp\/v2\/media?parent=2370"}],"wp:term":[{"taxonomy":"wf_page_folders","embeddable":true,"href":"https:\/\/loadzx.com\/loadvisitorguide\/wp-json\/wp\/v2\/wf_page_folders?post=2370"}],"curies":[{"name":"wp","href":"https:\/\/api.w.org\/{rel}","templated":true}]}}