{"id":2146,"date":"2020-10-08T15:47:02","date_gmt":"2020-10-08T15:47:02","guid":{"rendered":"https:\/\/loadzx.com\/loadvisitorguide\/?page_id=2146"},"modified":"2021-11-05T02:54:13","modified_gmt":"2021-11-05T02:54:13","slug":"pt-c30150","status":"publish","type":"page","link":"https:\/\/loadzx.com\/loadvisitorguide\/pt-c30150\/","title":{"rendered":"30150 &#8211; ZX Spectrum+"},"content":{"rendered":"\t\t<div data-elementor-type=\"wp-post\" data-elementor-id=\"2146\" class=\"elementor elementor-2146\">\n\t\t\t\t\t\t<section class=\"has_eae_slider elementor-section elementor-top-section elementor-element elementor-element-4bd9efd elementor-section-boxed elementor-section-height-default elementor-section-height-default\" data-eae-slider=\"66510\" data-id=\"4bd9efd\" data-element_type=\"section\" data-e-type=\"section\">\n\t\t\t\t\t\t<div class=\"elementor-container elementor-column-gap-default\">\n\t\t\t\t\t<div class=\"has_eae_slider elementor-column elementor-col-100 elementor-top-column elementor-element elementor-element-1c81ffa\" data-eae-slider=\"23455\" data-id=\"1c81ffa\" data-element_type=\"column\" data-e-type=\"column\">\n\t\t\t<div class=\"elementor-widget-wrap elementor-element-populated\">\n\t\t\t\t\t\t<div class=\"elementor-element elementor-element-0667f4b elementor-widget elementor-widget-heading\" data-id=\"0667f4b\" data-element_type=\"widget\" data-e-type=\"widget\" data-widget_type=\"heading.default\">\n\t\t\t\t<div class=\"elementor-widget-container\">\n\t\t\t\t\t<h2 class=\"elementor-heading-title elementor-size-default\">Guia de Visita<\/h2>\t\t\t\t<\/div>\n\t\t\t\t<\/div>\n\t\t\t\t\t<\/div>\n\t\t<\/div>\n\t\t\t\t\t<\/div>\n\t\t<\/section>\n\t\t\t\t<section class=\"has_eae_slider elementor-section elementor-top-section elementor-element elementor-element-277eba2 elementor-section-items-top elementor-section-content-middle elementor-section-height-min-height elementor-section-boxed elementor-section-height-default\" data-eae-slider=\"78814\" data-id=\"277eba2\" data-element_type=\"section\" data-e-type=\"section\" data-settings=\"{&quot;background_background&quot;:&quot;classic&quot;}\">\n\t\t\t\t\t\t\t<div class=\"elementor-background-overlay\"><\/div>\n\t\t\t\t\t\t\t<div class=\"elementor-container elementor-column-gap-no\">\n\t\t\t\t\t<div class=\"has_eae_slider elementor-column elementor-col-12 elementor-top-column elementor-element elementor-element-557956b\" data-eae-slider=\"31095\" data-id=\"557956b\" data-element_type=\"column\" data-e-type=\"column\">\n\t\t\t<div class=\"elementor-widget-wrap elementor-element-populated\">\n\t\t\t\t\t\t<div class=\"elementor-element elementor-element-809bcde elementor-widget elementor-widget-heading\" data-id=\"809bcde\" data-element_type=\"widget\" data-e-type=\"widget\" id=\"headCurPage\" data-widget_type=\"heading.default\">\n\t\t\t\t<div class=\"elementor-widget-container\">\n\t\t\t\t\t<h2 class=\"elementor-heading-title elementor-size-default\">NNNNN<\/h2>\t\t\t\t<\/div>\n\t\t\t\t<\/div>\n\t\t\t\t\t<\/div>\n\t\t<\/div>\n\t\t\t\t<div class=\"has_eae_slider elementor-column elementor-col-12 elementor-top-column elementor-element elementor-element-1533638\" data-eae-slider=\"73104\" data-id=\"1533638\" data-element_type=\"column\" data-e-type=\"column\">\n\t\t\t<div class=\"elementor-widget-wrap\">\n\t\t\t\t\t\t\t<\/div>\n\t\t<\/div>\n\t\t\t\t<div class=\"has_eae_slider elementor-column elementor-col-12 elementor-top-column elementor-element elementor-element-72ff2fc\" data-eae-slider=\"46987\" data-id=\"72ff2fc\" data-element_type=\"column\" data-e-type=\"column\">\n\t\t\t<div class=\"elementor-widget-wrap elementor-element-populated\">\n\t\t\t\t\t\t<div class=\"elementor-element elementor-element-4af3ee5 elementor-widget elementor-widget-html\" data-id=\"4af3ee5\" data-element_type=\"widget\" data-e-type=\"widget\" data-widget_type=\"html.default\">\n\t\t\t\t<div class=\"elementor-widget-container\">\n\t\t\t\t\t<label for=\"textNumberPage\"><\/label>\r\n\r\n<input type=\"text\" id=\"textNumberPage\" name=\"textNumberPage\" required\r\n       minlength=\"1\" maxlength=\"5\" size=\"5\" style=\"font-size: 8px; max-width:200px;height: 24px;\">\r\n \t\t\t\t<\/div>\n\t\t\t\t<\/div>\n\t\t\t\t\t<\/div>\n\t\t<\/div>\n\t\t\t\t<div class=\"has_eae_slider elementor-column elementor-col-12 elementor-top-column elementor-element elementor-element-57875ad\" data-eae-slider=\"68214\" data-id=\"57875ad\" data-element_type=\"column\" data-e-type=\"column\">\n\t\t\t<div class=\"elementor-widget-wrap elementor-element-populated\">\n\t\t\t\t\t\t<div class=\"elementor-element elementor-element-a7014d7 elementor-button-success elementor-align-left elementor-widget elementor-widget-button\" data-id=\"a7014d7\" data-element_type=\"widget\" data-e-type=\"widget\" data-widget_type=\"button.default\">\n\t\t\t\t<div class=\"elementor-widget-container\">\n\t\t\t\t\t\t\t\t\t<div class=\"elementor-button-wrapper\">\n\t\t\t\t\t<a class=\"elementor-button elementor-button-link elementor-size-xs\" href=\"https:\/\/loadzx.com\/loadvisitorguide\/pt-c1\" id=\"numberPageGo\">\n\t\t\t\t\t\t<span class=\"elementor-button-content-wrapper\">\n\t\t\t\t\t\t\t\t\t<span class=\"elementor-button-text\">GO<\/span>\n\t\t\t\t\t<\/span>\n\t\t\t\t\t<\/a>\n\t\t\t\t<\/div>\n\t\t\t\t\t\t\t\t<\/div>\n\t\t\t\t<\/div>\n\t\t\t\t\t<\/div>\n\t\t<\/div>\n\t\t\t\t<div class=\"has_eae_slider elementor-column elementor-col-12 elementor-top-column elementor-element elementor-element-e6b2462\" data-eae-slider=\"65151\" data-id=\"e6b2462\" data-element_type=\"column\" data-e-type=\"column\">\n\t\t\t<div class=\"elementor-widget-wrap elementor-element-populated\">\n\t\t\t\t\t\t<div class=\"elementor-element elementor-element-b1d8d3e elementor-button-success elementor-align-left elementor-widget elementor-widget-button\" data-id=\"b1d8d3e\" data-element_type=\"widget\" data-e-type=\"widget\" data-widget_type=\"button.default\">\n\t\t\t\t<div class=\"elementor-widget-container\">\n\t\t\t\t\t\t\t\t\t<div class=\"elementor-button-wrapper\">\n\t\t\t\t\t<a class=\"elementor-button elementor-button-link elementor-size-xs\" href=\"https:\/\/loadzx.com\/loadvisitorguide\/C1\" id=\"headJumpFirst\">\n\t\t\t\t\t\t<span class=\"elementor-button-content-wrapper\">\n\t\t\t\t\t\t\t\t\t<span class=\"elementor-button-text\">#1<\/span>\n\t\t\t\t\t<\/span>\n\t\t\t\t\t<\/a>\n\t\t\t\t<\/div>\n\t\t\t\t\t\t\t\t<\/div>\n\t\t\t\t<\/div>\n\t\t\t\t\t<\/div>\n\t\t<\/div>\n\t\t\t\t<div class=\"has_eae_slider elementor-column elementor-col-12 elementor-top-column elementor-element elementor-element-2bfc20f\" data-eae-slider=\"94016\" data-id=\"2bfc20f\" data-element_type=\"column\" data-e-type=\"column\">\n\t\t\t<div class=\"elementor-widget-wrap elementor-element-populated\">\n\t\t\t\t\t\t<section class=\"has_eae_slider elementor-section elementor-inner-section elementor-element elementor-element-c428dcb elementor-section-content-middle elementor-section-boxed elementor-section-height-default elementor-section-height-default\" data-eae-slider=\"5646\" data-id=\"c428dcb\" data-element_type=\"section\" data-e-type=\"section\">\n\t\t\t\t\t\t<div class=\"elementor-container elementor-column-gap-default\">\n\t\t\t\t\t<div class=\"has_eae_slider elementor-column elementor-col-33 elementor-inner-column elementor-element elementor-element-2c94cb8\" data-eae-slider=\"91186\" data-id=\"2c94cb8\" data-element_type=\"column\" data-e-type=\"column\">\n\t\t\t<div class=\"elementor-widget-wrap elementor-element-populated\">\n\t\t\t\t\t\t<div class=\"elementor-element elementor-element-d0bacee elementor-align-right elementor-widget elementor-widget-button\" data-id=\"d0bacee\" data-element_type=\"widget\" data-e-type=\"widget\" data-widget_type=\"button.default\">\n\t\t\t\t<div class=\"elementor-widget-container\">\n\t\t\t\t\t\t\t\t\t<div class=\"elementor-button-wrapper\">\n\t\t\t\t\t<a class=\"elementor-button elementor-button-link elementor-size-sm\" href=\"https:\/\/loadzx.com\/loadvisitorguide\/tvcontents\/pt\/C1\" id=\"ptLink\">\n\t\t\t\t\t\t<span class=\"elementor-button-content-wrapper\">\n\t\t\t\t\t\t\t\t\t<span class=\"elementor-button-text\">PT<\/span>\n\t\t\t\t\t<\/span>\n\t\t\t\t\t<\/a>\n\t\t\t\t<\/div>\n\t\t\t\t\t\t\t\t<\/div>\n\t\t\t\t<\/div>\n\t\t\t\t\t<\/div>\n\t\t<\/div>\n\t\t\t\t<div class=\"has_eae_slider elementor-column elementor-col-33 elementor-inner-column elementor-element elementor-element-03cabde\" data-eae-slider=\"56889\" data-id=\"03cabde\" data-element_type=\"column\" data-e-type=\"column\">\n\t\t\t<div class=\"elementor-widget-wrap elementor-element-populated\">\n\t\t\t\t\t\t<div class=\"elementor-element elementor-element-e52d726 elementor-align-center elementor-widget elementor-widget-button\" data-id=\"e52d726\" data-element_type=\"widget\" data-e-type=\"widget\" data-widget_type=\"button.default\">\n\t\t\t\t<div class=\"elementor-widget-container\">\n\t\t\t\t\t\t\t\t\t<div class=\"elementor-button-wrapper\">\n\t\t\t\t\t<a class=\"elementor-button elementor-button-link elementor-size-sm\" href=\"https:\/\/loadzx.com\/loadvisitorguide\/tvcontents\/en\/C1\" id=\"enLink\">\n\t\t\t\t\t\t<span class=\"elementor-button-content-wrapper\">\n\t\t\t\t\t\t\t\t\t<span class=\"elementor-button-text\">EN<\/span>\n\t\t\t\t\t<\/span>\n\t\t\t\t\t<\/a>\n\t\t\t\t<\/div>\n\t\t\t\t\t\t\t\t<\/div>\n\t\t\t\t<\/div>\n\t\t\t\t\t<\/div>\n\t\t<\/div>\n\t\t\t\t<div class=\"has_eae_slider elementor-column elementor-col-33 elementor-inner-column elementor-element elementor-element-9ded90f\" data-eae-slider=\"43747\" data-id=\"9ded90f\" data-element_type=\"column\" data-e-type=\"column\">\n\t\t\t<div class=\"elementor-widget-wrap elementor-element-populated\">\n\t\t\t\t\t\t<div class=\"elementor-element elementor-element-df1bdf4 elementor-align-left elementor-widget elementor-widget-button\" data-id=\"df1bdf4\" data-element_type=\"widget\" data-e-type=\"widget\" data-widget_type=\"button.default\">\n\t\t\t\t<div class=\"elementor-widget-container\">\n\t\t\t\t\t\t\t\t\t<div class=\"elementor-button-wrapper\">\n\t\t\t\t\t<a class=\"elementor-button elementor-button-link elementor-size-sm\" href=\"https:\/\/loadzx.com\/loadvisitorguide\/tvcontents\/es\/C1\" id=\"esLink\">\n\t\t\t\t\t\t<span class=\"elementor-button-content-wrapper\">\n\t\t\t\t\t\t\t\t\t<span class=\"elementor-button-text\">ES<\/span>\n\t\t\t\t\t<\/span>\n\t\t\t\t\t<\/a>\n\t\t\t\t<\/div>\n\t\t\t\t\t\t\t\t<\/div>\n\t\t\t\t<\/div>\n\t\t\t\t\t<\/div>\n\t\t<\/div>\n\t\t\t\t\t<\/div>\n\t\t<\/section>\n\t\t\t\t\t<\/div>\n\t\t<\/div>\n\t\t\t\t<div class=\"has_eae_slider elementor-column elementor-col-12 elementor-top-column elementor-element elementor-element-b12a85e elementor-hidden-phone\" data-eae-slider=\"59157\" data-id=\"b12a85e\" data-element_type=\"column\" data-e-type=\"column\">\n\t\t\t<div class=\"elementor-widget-wrap\">\n\t\t\t\t\t\t\t<\/div>\n\t\t<\/div>\n\t\t\t\t<div class=\"has_eae_slider elementor-column elementor-col-12 elementor-top-column elementor-element elementor-element-2037309\" data-eae-slider=\"82708\" data-id=\"2037309\" data-element_type=\"column\" data-e-type=\"column\">\n\t\t\t<div class=\"elementor-widget-wrap elementor-element-populated\">\n\t\t\t\t\t\t<div class=\"elementor-element elementor-element-c7bf52a elementor-widget elementor-widget-image\" data-id=\"c7bf52a\" data-element_type=\"widget\" data-e-type=\"widget\" data-widget_type=\"image.default\">\n\t\t\t\t<div class=\"elementor-widget-container\">\n\t\t\t\t\t\t\t\t\t\t\t\t\t\t\t<img decoding=\"async\" width=\"300\" height=\"133\" src=\"https:\/\/loadzx.com\/loadvisitorguide\/wp-content\/uploads\/2020\/03\/logo_LOAD_cor_invertido-smaller_borders-300x133.png\" class=\"attachment-medium size-medium wp-image-1179\" alt=\"\" srcset=\"https:\/\/loadzx.com\/loadvisitorguide\/wp-content\/uploads\/2020\/03\/logo_LOAD_cor_invertido-smaller_borders-300x133.png 300w, https:\/\/loadzx.com\/loadvisitorguide\/wp-content\/uploads\/2020\/03\/logo_LOAD_cor_invertido-smaller_borders-768x342.png 768w, https:\/\/loadzx.com\/loadvisitorguide\/wp-content\/uploads\/2020\/03\/logo_LOAD_cor_invertido-smaller_borders.png 904w\" sizes=\"(max-width: 300px) 100vw, 300px\" \/>\t\t\t\t\t\t\t\t\t\t\t\t\t\t\t<\/div>\n\t\t\t\t<\/div>\n\t\t\t\t\t<\/div>\n\t\t<\/div>\n\t\t\t\t\t<\/div>\n\t\t<\/section>\n\t\t\t\t<section class=\"has_eae_slider elementor-section elementor-top-section elementor-element elementor-element-9e8d5cd elementor-section-boxed elementor-section-height-default elementor-section-height-default\" data-eae-slider=\"7701\" data-id=\"9e8d5cd\" data-element_type=\"section\" data-e-type=\"section\">\n\t\t\t\t\t\t<div class=\"elementor-container elementor-column-gap-default\">\n\t\t\t\t\t<div class=\"has_eae_slider elementor-column elementor-col-33 elementor-top-column elementor-element elementor-element-b8e6c10\" data-eae-slider=\"98891\" data-id=\"b8e6c10\" data-element_type=\"column\" data-e-type=\"column\">\n\t\t\t<div class=\"elementor-widget-wrap elementor-element-populated\">\n\t\t\t\t\t\t<div class=\"elementor-element elementor-element-bf596d4 elementor-view-default elementor-widget elementor-widget-icon\" data-id=\"bf596d4\" data-element_type=\"widget\" data-e-type=\"widget\" data-widget_type=\"icon.default\">\n\t\t\t\t<div class=\"elementor-widget-container\">\n\t\t\t\t\t\t\t<div class=\"elementor-icon-wrapper\">\n\t\t\t<a class=\"elementor-icon\" href=\"https:\/\/loadzx.com\/loadvisitorguide\/c1\" id=\"previousNavigation\">\n\t\t\t<i aria-hidden=\"true\" class=\"fas fa-arrow-alt-circle-left\"><\/i>\t\t\t<\/a>\n\t\t<\/div>\n\t\t\t\t\t\t<\/div>\n\t\t\t\t<\/div>\n\t\t\t\t\t<\/div>\n\t\t<\/div>\n\t\t\t\t<div class=\"has_eae_slider elementor-column elementor-col-33 elementor-top-column elementor-element elementor-element-95ae447\" data-eae-slider=\"78538\" data-id=\"95ae447\" data-element_type=\"column\" data-e-type=\"column\">\n\t\t\t<div class=\"elementor-widget-wrap\">\n\t\t\t\t\t\t\t<\/div>\n\t\t<\/div>\n\t\t\t\t<div class=\"has_eae_slider elementor-column elementor-col-33 elementor-top-column elementor-element elementor-element-17b9aea\" data-eae-slider=\"44711\" data-id=\"17b9aea\" data-element_type=\"column\" data-e-type=\"column\">\n\t\t\t<div class=\"elementor-widget-wrap elementor-element-populated\">\n\t\t\t\t\t\t<div class=\"elementor-element elementor-element-033f518 elementor-view-default elementor-widget elementor-widget-icon\" data-id=\"033f518\" data-element_type=\"widget\" data-e-type=\"widget\" data-widget_type=\"icon.default\">\n\t\t\t\t<div class=\"elementor-widget-container\">\n\t\t\t\t\t\t\t<div class=\"elementor-icon-wrapper\">\n\t\t\t<a class=\"elementor-icon\" href=\"https:\/\/loadzx.com\/loadvisitorguide\/c4\" id=\"nextNavigation\">\n\t\t\t<i aria-hidden=\"true\" class=\"fas fa-arrow-alt-circle-right\"><\/i>\t\t\t<\/a>\n\t\t<\/div>\n\t\t\t\t\t\t<\/div>\n\t\t\t\t<\/div>\n\t\t\t\t\t<\/div>\n\t\t<\/div>\n\t\t\t\t\t<\/div>\n\t\t<\/section>\n\t\t\t\t<section class=\"has_eae_slider elementor-section elementor-top-section elementor-element elementor-element-acda2f3 elementor-section-stretched elementor-section-boxed elementor-section-height-default elementor-section-height-default\" data-eae-slider=\"80783\" data-id=\"acda2f3\" data-element_type=\"section\" data-e-type=\"section\" data-settings=\"{&quot;background_background&quot;:&quot;classic&quot;,&quot;stretch_section&quot;:&quot;section-stretched&quot;}\">\n\t\t\t\t\t\t\t<div class=\"elementor-background-overlay\"><\/div>\n\t\t\t\t\t\t\t<div class=\"elementor-container elementor-column-gap-no\">\n\t\t\t\t\t<div class=\"has_eae_slider elementor-column elementor-col-100 elementor-top-column elementor-element elementor-element-fd34f7d\" data-eae-slider=\"91206\" data-id=\"fd34f7d\" data-element_type=\"column\" data-e-type=\"column\">\n\t\t\t<div class=\"elementor-widget-wrap elementor-element-populated\">\n\t\t\t\t\t\t<section class=\"has_eae_slider elementor-section elementor-inner-section elementor-element elementor-element-5dbb992 elementor-section-boxed elementor-section-height-default elementor-section-height-default\" data-eae-slider=\"77761\" data-id=\"5dbb992\" data-element_type=\"section\" data-e-type=\"section\">\n\t\t\t\t\t\t<div class=\"elementor-container elementor-column-gap-default\">\n\t\t\t\t\t<div class=\"has_eae_slider elementor-column elementor-col-100 elementor-inner-column elementor-element elementor-element-fd1e495\" data-eae-slider=\"86120\" data-id=\"fd1e495\" data-element_type=\"column\" data-e-type=\"column\">\n\t\t\t<div class=\"elementor-widget-wrap elementor-element-populated\">\n\t\t\t\t\t\t<div class=\"elementor-element elementor-element-0d7cb1d elementor-widget elementor-widget-heading\" data-id=\"0d7cb1d\" data-element_type=\"widget\" data-e-type=\"widget\" data-widget_type=\"heading.default\">\n\t\t\t\t<div class=\"elementor-widget-container\">\n\t\t\t\t\t<h2 class=\"elementor-heading-title elementor-size-default\">SINCLAIR ZX SPECTRUM+<\/h2>\t\t\t\t<\/div>\n\t\t\t\t<\/div>\n\t\t\t\t<div class=\"elementor-element elementor-element-4fd5a39 elementor-widget elementor-widget-text-editor\" data-id=\"4fd5a39\" data-element_type=\"widget\" data-e-type=\"widget\" data-widget_type=\"text-editor.default\">\n\t\t\t\t<div class=\"elementor-widget-container\">\n\t\t\t\t\t\t\t\t\tAs teclas de borracha s\u00e3o tema de discuss\u00e3o entre os utilizadores do ZX Spectrum. H\u00e1 quem adore e h\u00e1 quem deteste&#8230; Tamb\u00e9m assim o seria nos anos 80 e a Sinclair optou em 1984 por conceber um teclado e carca\u00e7a mais profissional sem mexer de forma significativa no interior do computador (a maior diferen\u00e7a \u00e9 a introdu\u00e7\u00e3o de um bot\u00e3o de reset que pode ser feito em qualquer vers\u00e3o da placa base).\t\t\t\t\t\t\t\t<\/div>\n\t\t\t\t<\/div>\n\t\t\t\t<div class=\"elementor-element elementor-element-a37c024 elementor-widget elementor-widget-text-editor\" data-id=\"a37c024\" data-element_type=\"widget\" data-e-type=\"widget\" data-widget_type=\"text-editor.default\">\n\t\t\t\t<div class=\"elementor-widget-container\">\n\t\t\t\t\t\t\t\t\tEste upgrade podia ter tamb\u00e9m adquirido como extra, tendo nesse caso a palavra \u201cUpgraded\u201d no local do n\u00famero de s\u00e9rie.\t\t\t\t\t\t\t\t<\/div>\n\t\t\t\t<\/div>\n\t\t\t\t<div class=\"elementor-element elementor-element-96ba812 elementor-widget elementor-widget-text-editor\" data-id=\"96ba812\" data-element_type=\"widget\" data-e-type=\"widget\" data-widget_type=\"text-editor.default\">\n\t\t\t\t<div class=\"elementor-widget-container\">\n\t\t\t\t\t\t\t\t\tOutras empresas desenvolveram teclados profissionais para ligar ao ZX Spectrum. Alguns dos mais conhecidos no Reino Unido s\u00e3o o \u201cLo-Profile\u201d e o \u201cSaga 1 Emperor\u201d.\t\t\t\t\t\t\t\t<\/div>\n\t\t\t\t<\/div>\n\t\t\t\t<div class=\"elementor-element elementor-element-507777f elementor-widget elementor-widget-text-editor\" data-id=\"507777f\" data-element_type=\"widget\" data-e-type=\"widget\" data-widget_type=\"text-editor.default\">\n\t\t\t\t<div class=\"elementor-widget-container\">\n\t\t\t\t\t\t\t\t\tEm 1984 a Sinclair optou por conceber um teclado e carca\u00e7a mais profissional sem mexer de forma significativa no interior do computador (a maior diferen\u00e7a \u00e9 a introdu\u00e7\u00e3o de um bot\u00e3o de reset que pode ser feito em qualquer vers\u00e3o da placa base).\t\t\t\t\t\t\t\t<\/div>\n\t\t\t\t<\/div>\n\t\t\t\t<div class=\"elementor-element elementor-element-95170e3 elementor-widget elementor-widget-text-editor\" data-id=\"95170e3\" data-element_type=\"widget\" data-e-type=\"widget\" data-widget_type=\"text-editor.default\">\n\t\t\t\t<div class=\"elementor-widget-container\">\n\t\t\t\t\t\t\t\t\tEste upgrade podia ter tamb\u00e9m adquirido como extra, tendo nesse caso a palavra \u201cUpgraded\u201d no local do n\u00famero de s\u00e9rie.\t\t\t\t\t\t\t\t<\/div>\n\t\t\t\t<\/div>\n\t\t\t\t<div class=\"elementor-element elementor-element-f605178 elementor-widget elementor-widget-text-editor\" data-id=\"f605178\" data-element_type=\"widget\" data-e-type=\"widget\" data-widget_type=\"text-editor.default\">\n\t\t\t\t<div class=\"elementor-widget-container\">\n\t\t\t\t\t\t\t\t\tModelo exposto: Trata-se da vers\u00e3o Espanhola como se pode observar pelo teclado em Espanhol. Tem tamb\u00e9m as mensagens do computador em Espanhol.\t\t\t\t\t\t\t\t<\/div>\n\t\t\t\t<\/div>\n\t\t\t\t<div class=\"elementor-element elementor-element-7005e71 elementor-widget elementor-widget-spacer\" data-id=\"7005e71\" data-element_type=\"widget\" data-e-type=\"widget\" data-widget_type=\"spacer.default\">\n\t\t\t\t<div class=\"elementor-widget-container\">\n\t\t\t\t\t\t\t<div class=\"elementor-spacer\">\n\t\t\t<div class=\"elementor-spacer-inner\"><\/div>\n\t\t<\/div>\n\t\t\t\t\t\t<\/div>\n\t\t\t\t<\/div>\n\t\t\t\t\t<\/div>\n\t\t<\/div>\n\t\t\t\t\t<\/div>\n\t\t<\/section>\n\t\t\t\t\t<\/div>\n\t\t<\/div>\n\t\t\t\t\t<\/div>\n\t\t<\/section>\n\t\t\t\t<\/div>\n\t\t","protected":false},"excerpt":{"rendered":"<p>Guia de Visita NNNNN GO #1 PT EN ES SINCLAIR ZX SPECTRUM+ As teclas de borracha s\u00e3o tema de discuss\u00e3o entre os utilizadores do ZX Spectrum. H\u00e1 quem adore e h\u00e1 quem deteste&#8230; Tamb\u00e9m assim o seria nos anos 80 e a Sinclair optou em 1984 por conceber um teclado e carca\u00e7a mais profissional sem [&hellip;]<\/p>\n","protected":false},"author":1,"featured_media":0,"parent":0,"menu_order":0,"comment_status":"closed","ping_status":"closed","template":"","meta":{"site-sidebar-layout":"no-sidebar","site-content-layout":"page-builder","ast-site-content-layout":"default","site-content-style":"default","site-sidebar-style":"default","ast-global-header-display":"","ast-banner-title-visibility":"","ast-main-header-display":"","ast-hfb-above-header-display":"","ast-hfb-below-header-display":"","ast-hfb-mobile-header-display":"","site-post-title":"disabled","ast-breadcrumbs-content":"","ast-featured-img":"disabled","footer-sml-layout":"","ast-disable-related-posts":"","theme-transparent-header-meta":"enabled","adv-header-id-meta":"","stick-header-meta":"","header-above-stick-meta":"","header-main-stick-meta":"","header-below-stick-meta":"","astra-migrate-meta-layouts":"default","ast-page-background-enabled":"default","ast-page-background-meta":{"desktop":{"background-color":"var(--ast-global-color-4)","background-image":"","background-repeat":"repeat","background-position":"center center","background-size":"auto","background-attachment":"scroll","background-type":"","background-media":"","overlay-type":"","overlay-color":"","overlay-opacity":"","overlay-gradient":""},"tablet":{"background-color":"","background-image":"","background-repeat":"repeat","background-position":"center center","background-size":"auto","background-attachment":"scroll","background-type":"","background-media":"","overlay-type":"","overlay-color":"","overlay-opacity":"","overlay-gradient":""},"mobile":{"background-color":"","background-image":"","background-repeat":"repeat","background-position":"center center","background-size":"auto","background-attachment":"scroll","background-type":"","background-media":"","overlay-type":"","overlay-color":"","overlay-opacity":"","overlay-gradient":""}},"ast-content-background-meta":{"desktop":{"background-color":"var(--ast-global-color-5)","background-image":"","background-repeat":"repeat","background-position":"center center","background-size":"auto","background-attachment":"scroll","background-type":"","background-media":"","overlay-type":"","overlay-color":"","overlay-opacity":"","overlay-gradient":""},"tablet":{"background-color":"var(--ast-global-color-5)","background-image":"","background-repeat":"repeat","background-position":"center center","background-size":"auto","background-attachment":"scroll","background-type":"","background-media":"","overlay-type":"","overlay-color":"","overlay-opacity":"","overlay-gradient":""},"mobile":{"background-color":"var(--ast-global-color-5)","background-image":"","background-repeat":"repeat","background-position":"center center","background-size":"auto","background-attachment":"scroll","background-type":"","background-media":"","overlay-type":"","overlay-color":"","overlay-opacity":"","overlay-gradient":""}},"footnotes":""},"wf_page_folders":[11],"class_list":["post-2146","page","type-page","status-publish","hentry"],"_links":{"self":[{"href":"https:\/\/loadzx.com\/loadvisitorguide\/wp-json\/wp\/v2\/pages\/2146","targetHints":{"allow":["GET"]}}],"collection":[{"href":"https:\/\/loadzx.com\/loadvisitorguide\/wp-json\/wp\/v2\/pages"}],"about":[{"href":"https:\/\/loadzx.com\/loadvisitorguide\/wp-json\/wp\/v2\/types\/page"}],"author":[{"embeddable":true,"href":"https:\/\/loadzx.com\/loadvisitorguide\/wp-json\/wp\/v2\/users\/1"}],"replies":[{"embeddable":true,"href":"https:\/\/loadzx.com\/loadvisitorguide\/wp-json\/wp\/v2\/comments?post=2146"}],"version-history":[{"count":6,"href":"https:\/\/loadzx.com\/loadvisitorguide\/wp-json\/wp\/v2\/pages\/2146\/revisions"}],"predecessor-version":[{"id":5240,"href":"https:\/\/loadzx.com\/loadvisitorguide\/wp-json\/wp\/v2\/pages\/2146\/revisions\/5240"}],"wp:attachment":[{"href":"https:\/\/loadzx.com\/loadvisitorguide\/wp-json\/wp\/v2\/media?parent=2146"}],"wp:term":[{"taxonomy":"wf_page_folders","embeddable":true,"href":"https:\/\/loadzx.com\/loadvisitorguide\/wp-json\/wp\/v2\/wf_page_folders?post=2146"}],"curies":[{"name":"wp","href":"https:\/\/api.w.org\/{rel}","templated":true}]}}