{"id":3073,"date":"2020-08-12T20:03:20","date_gmt":"2020-08-12T20:03:20","guid":{"rendered":"https:\/\/loadzx.com\/loadpttv2\/?page_id=3073"},"modified":"2020-09-10T11:31:20","modified_gmt":"2020-09-10T11:31:20","slug":"pt-c1","status":"publish","type":"page","link":"https:\/\/loadzx.com\/loadpttv2\/pt-c1\/","title":{"rendered":"pt-c1 &#8211; indice1"},"content":{"rendered":"\t\t<div data-elementor-type=\"wp-post\" data-elementor-id=\"3073\" class=\"elementor elementor-3073\">\n\t\t\t\t\t\t<section class=\"has_eae_slider elementor-section elementor-top-section elementor-element elementor-element-acda2f3 elementor-section-stretched elementor-section-boxed elementor-section-height-default elementor-section-height-default\" data-eae-slider=\"65467\" data-id=\"acda2f3\" data-element_type=\"section\" data-settings=\"{&quot;stretch_section&quot;:&quot;section-stretched&quot;}\">\n\t\t\t\t\t\t<div class=\"elementor-container elementor-column-gap-no\">\n\t\t\t\t\t<div class=\"has_eae_slider elementor-column elementor-col-100 elementor-top-column elementor-element elementor-element-fd34f7d\" data-eae-slider=\"67648\" data-id=\"fd34f7d\" data-element_type=\"column\">\n\t\t\t<div class=\"elementor-widget-wrap elementor-element-populated\">\n\t\t\t\t\t\t<div class=\"elementor-element elementor-element-3a80e2a elementor-widget elementor-widget-heading\" data-id=\"3a80e2a\" data-element_type=\"widget\" data-widget_type=\"heading.default\">\n\t\t\t\t<div class=\"elementor-widget-container\">\n\t\t\t\t\t<h2 class=\"elementor-heading-title elementor-size-default\">\u00cdNDICE<\/h2>\t\t\t\t<\/div>\n\t\t\t\t<\/div>\n\t\t\t\t<div class=\"elementor-element elementor-element-34dd52b elementor-widget elementor-widget-heading\" data-id=\"34dd52b\" data-element_type=\"widget\" data-widget_type=\"heading.default\">\n\t\t\t\t<div class=\"elementor-widget-container\">\n\t\t\t\t\t<h2 class=\"elementor-heading-title elementor-size-default\">PORTUGALIDADE - O PRESENTE<\/h2>\t\t\t\t<\/div>\n\t\t\t\t<\/div>\n\t\t\t\t<section class=\"has_eae_slider elementor-section elementor-inner-section elementor-element elementor-element-06d5b2e elementor-section-boxed elementor-section-height-default elementor-section-height-default\" data-eae-slider=\"42800\" data-id=\"06d5b2e\" data-element_type=\"section\">\n\t\t\t\t\t\t<div class=\"elementor-container elementor-column-gap-default\">\n\t\t\t\t\t<div class=\"has_eae_slider elementor-column elementor-col-33 elementor-inner-column elementor-element elementor-element-12e4da2\" data-eae-slider=\"36264\" data-id=\"12e4da2\" data-element_type=\"column\">\n\t\t\t<div class=\"elementor-widget-wrap elementor-element-populated\">\n\t\t\t\t\t\t<div class=\"elementor-element elementor-element-0d7cb1d elementor-widget elementor-widget-heading\" data-id=\"0d7cb1d\" data-element_type=\"widget\" data-widget_type=\"heading.default\">\n\t\t\t\t<div class=\"elementor-widget-container\">\n\t\t\t\t\t<h3 class=\"elementor-heading-title elementor-size-default\">HARDWARE E EMULA\u00c7\u00c3O<\/h3>\t\t\t\t<\/div>\n\t\t\t\t<\/div>\n\t\t\t\t\t<\/div>\n\t\t<\/div>\n\t\t\t\t<div class=\"has_eae_slider elementor-column elementor-col-33 elementor-inner-column elementor-element elementor-element-1bf7841\" data-eae-slider=\"86175\" data-id=\"1bf7841\" data-element_type=\"column\">\n\t\t\t<div class=\"elementor-widget-wrap elementor-element-populated\">\n\t\t\t\t\t\t<div class=\"elementor-element elementor-element-d582905 elementor-widget elementor-widget-heading\" data-id=\"d582905\" data-element_type=\"widget\" data-widget_type=\"heading.default\">\n\t\t\t\t<div class=\"elementor-widget-container\">\n\t\t\t\t\t<h2 class=\"elementor-heading-title elementor-size-default\">REVISTAS E LIVROS<\/h2>\t\t\t\t<\/div>\n\t\t\t\t<\/div>\n\t\t\t\t\t<\/div>\n\t\t<\/div>\n\t\t\t\t<div class=\"has_eae_slider elementor-column elementor-col-33 elementor-inner-column elementor-element elementor-element-a530166\" data-eae-slider=\"72584\" data-id=\"a530166\" data-element_type=\"column\">\n\t\t\t<div class=\"elementor-widget-wrap elementor-element-populated\">\n\t\t\t\t\t\t<div class=\"elementor-element elementor-element-9611ada elementor-widget elementor-widget-heading\" data-id=\"9611ada\" data-element_type=\"widget\" data-widget_type=\"heading.default\">\n\t\t\t\t<div class=\"elementor-widget-container\">\n\t\t\t\t\t<h2 class=\"elementor-heading-title elementor-size-default\">JOGOS<\/h2>\t\t\t\t<\/div>\n\t\t\t\t<\/div>\n\t\t\t\t\t<\/div>\n\t\t<\/div>\n\t\t\t\t\t<\/div>\n\t\t<\/section>\n\t\t\t\t<section class=\"has_eae_slider elementor-section elementor-inner-section elementor-element elementor-element-3931130 elementor-section-boxed elementor-section-height-default elementor-section-height-default\" data-eae-slider=\"70507\" data-id=\"3931130\" data-element_type=\"section\">\n\t\t\t\t\t\t<div class=\"elementor-container elementor-column-gap-default\">\n\t\t\t\t\t<div class=\"has_eae_slider elementor-column elementor-col-16 elementor-inner-column elementor-element elementor-element-257b678\" data-eae-slider=\"43349\" data-id=\"257b678\" data-element_type=\"column\">\n\t\t\t<div class=\"elementor-widget-wrap elementor-element-populated\">\n\t\t\t\t\t\t<div class=\"elementor-element elementor-element-d7eb9aa elementor-widget elementor-widget-text-editor\" data-id=\"d7eb9aa\" data-element_type=\"widget\" data-widget_type=\"text-editor.default\">\n\t\t\t\t<div class=\"elementor-widget-container\">\n\t\t\t\t\t\t\t\t\t<a style=\"color: #ffffff;\" href=\"https:\/\/loadzx.com\/loadpttv2\/pt-c2\/\"\nonmouseover=\"this.style.color='#2a9aeb'\" \nonmouseout=\"this.style.color='#ffffff'\">\nZX Spectrum IODO\n<\/a>\n\n<br>\n\n<a style=\"color: #ffffff;\" href=\"https:\/\/loadzx.com\/loadpttv2\/pt-c4\/\"\nonmouseover=\"this.style.color='#2a9aeb'\" \nonmouseout=\"this.style.color='#ffffff'\">\nZX Interface Z\n<\/a>\n\n<br>\n\n<a style=\"color: #ffffff;\" href=\"https:\/\/loadzx.com\/loadpttv2\/pt-c6\/\"\nonmouseover=\"this.style.color='#2a9aeb'\" \nonmouseout=\"this.style.color='#ffffff'\">\nWSpecEM (Emulador)\n<\/a>\n\n<br>\n\n<a style=\"color: #ffffff;\" href=\"https:\/\/loadzx.com\/loadpttv2\/pt-c8\/\"\nonmouseover=\"this.style.color='#2a9aeb'\" \nonmouseout=\"this.style.color='#ffffff'\">\nEsxDOS (DivMMC \/ DivIDE)\n<\/a>\t\t\t\t\t\t\t\t<\/div>\n\t\t\t\t<\/div>\n\t\t\t\t\t<\/div>\n\t\t<\/div>\n\t\t\t\t<div class=\"has_eae_slider elementor-column elementor-col-16 elementor-inner-column elementor-element elementor-element-5797430\" data-eae-slider=\"31294\" data-id=\"5797430\" data-element_type=\"column\">\n\t\t\t<div class=\"elementor-widget-wrap elementor-element-populated\">\n\t\t\t\t\t\t<div class=\"elementor-element elementor-element-45341e8 elementor-widget elementor-widget-text-editor\" data-id=\"45341e8\" data-element_type=\"widget\" data-widget_type=\"text-editor.default\">\n\t\t\t\t<div class=\"elementor-widget-container\">\n\t\t\t\t\t\t\t\t\t<div style=\"text-align: right;\">\n<div style=\"color: #ffffff;\">2<\/div>\n<div style=\"color: #ffffff;\">4<\/div>\n<div style=\"color: #ffffff;\">6<\/div>\n<div style=\"color: #ffffff;\">8<\/div>\n<\/div>\t\t\t\t\t\t\t\t<\/div>\n\t\t\t\t<\/div>\n\t\t\t\t\t<\/div>\n\t\t<\/div>\n\t\t\t\t<div class=\"has_eae_slider elementor-column elementor-col-16 elementor-inner-column elementor-element elementor-element-4001250\" data-eae-slider=\"28806\" data-id=\"4001250\" data-element_type=\"column\">\n\t\t\t<div class=\"elementor-widget-wrap elementor-element-populated\">\n\t\t\t\t\t\t<div class=\"elementor-element elementor-element-b1f1c60 elementor-widget elementor-widget-text-editor\" data-id=\"b1f1c60\" data-element_type=\"widget\" data-widget_type=\"text-editor.default\">\n\t\t\t\t<div class=\"elementor-widget-container\">\n\t\t\t\t\t\t\t\t\t<a style=\"color: #ffffff3d;\" href=\"https:\/\/loadzx.com\/loadpttv2\/pt-c11\/\"\nonmouseover=\"this.style.color='#2a9aeb3d'\" \nonmouseout=\"this.style.color='#ffffff3d'\">\nRevista Pushstart\n<\/a>\n\n<br>\n\n<a style=\"color: #ffffff3d;\" href=\"https:\/\/loadzx.com\/loadpttv2\/pt-c13\/\"\nonmouseover=\"this.style.color='#2a9aeb3d'\" \nonmouseout=\"this.style.color='#ffffff3d'\">\nRevista Espectro\n<\/a>\n\n<br>\n\n<a style=\"color: #ffffff3d;\" href=\"https:\/\/loadzx.com\/loadpttv2\/pt-c14\/\"\nonmouseover=\"this.style.color='#2a9aeb3d'\" \nonmouseout=\"this.style.color='#ffffff3d'\">\nRevista Jogos 80\n<\/a>\n\n<br>\n\n<a style=\"color: #ffffff3d;\" href=\"https:\/\/loadzx.com\/loadpttv2\/pt-c16\/\"\nonmouseover=\"this.style.color='#2a9aeb3d'\" \nonmouseout=\"this.style.color='#ffffff3d'\">\nProtagonistas da TI\n<\/a>\n\n<br>\n\n<a style=\"color: #ffffff3d;\" href=\"https:\/\/loadzx.com\/loadpttv2\/pt-c18\/\"\nonmouseover=\"this.style.color='#2a9aeb3d'\" \nonmouseout=\"this.style.color='#ffffff3d'\">\nVideojogos em Portugal\n<\/a>\n\n<br>\n\n<a style=\"color: #ffffff3d;\" href=\"https:\/\/loadzx.com\/loadpttv2\/pt-c20\/\"\nonmouseover=\"this.style.color='#2a9aeb3d'\" \nonmouseout=\"this.style.color='#ffffff3d'\">\n(R)evolu\u00e7\u00e3o Interactiva\n<\/a>\n\n<br>\n\n<a style=\"color: #ffffff3d;\" href=\"https:\/\/loadzx.com\/loadpttv2\/pt-c22\/\"\nonmouseover=\"this.style.color='#2a9aeb3d'\" \nonmouseout=\"this.style.color='#ffffff3d'\">\nPlaneta Sinclair\n<\/a>\t\t\t\t\t\t\t\t<\/div>\n\t\t\t\t<\/div>\n\t\t\t\t\t<\/div>\n\t\t<\/div>\n\t\t\t\t<div class=\"has_eae_slider elementor-column elementor-col-16 elementor-inner-column elementor-element elementor-element-461ed4d\" data-eae-slider=\"88372\" data-id=\"461ed4d\" data-element_type=\"column\">\n\t\t\t<div class=\"elementor-widget-wrap elementor-element-populated\">\n\t\t\t\t\t\t<div class=\"elementor-element elementor-element-4abf113 elementor-widget elementor-widget-text-editor\" data-id=\"4abf113\" data-element_type=\"widget\" data-widget_type=\"text-editor.default\">\n\t\t\t\t<div class=\"elementor-widget-container\">\n\t\t\t\t\t\t\t\t\t<div style=\"text-align: right;\">\n<div style=\"color: #ffffff3d;\">11<\/div>\n<div style=\"color: #ffffff3d;\">13<\/div>\n<div style=\"color: #ffffff3d;\">14<\/div>\n<div style=\"color: #ffffff3d;\">16<\/div>\n<div style=\"color: #ffffff3d;\">18<\/div>\n<div style=\"color: #ffffff3d;\">20<\/div>\n<div style=\"color: #ffffff3d;\">22<\/div>\n<\/div>\t\t\t\t\t\t\t\t<\/div>\n\t\t\t\t<\/div>\n\t\t\t\t\t<\/div>\n\t\t<\/div>\n\t\t\t\t<div class=\"has_eae_slider elementor-column elementor-col-16 elementor-inner-column elementor-element elementor-element-f8f0548\" data-eae-slider=\"16834\" data-id=\"f8f0548\" data-element_type=\"column\">\n\t\t\t<div class=\"elementor-widget-wrap elementor-element-populated\">\n\t\t\t\t\t\t<div class=\"elementor-element elementor-element-9431387 elementor-widget elementor-widget-text-editor\" data-id=\"9431387\" data-element_type=\"widget\" data-widget_type=\"text-editor.default\">\n\t\t\t\t<div class=\"elementor-widget-container\">\n\t\t\t\t\t\t\t\t\t<a style=\"color: #ffffff3d;\" href=\"https:\/\/loadzx.com\/loadpttv2\/pt-c25\/\"\nonmouseover=\"this.style.color='#2a9aeb3d'\" \nonmouseout=\"this.style.color='#ffffff3d'\">\nBitnamic Software\n<\/a>\n\n<br>\n\n<a style=\"color: #ffffff3d;\" href=\"https:\/\/loadzx.com\/loadpttv2\/pt-c27\/\"~\nonmouseover=\"this.style.color='#2a9aeb3d'\" \nonmouseout=\"this.style.color='#ffffff3d'\">\nTeam Siglo XXI\n<\/a>\n\n<br>\n\n<a style=\"color: #ffffff3d;\" href=\"https:\/\/loadzx.com\/loadpttv2\/pt-c29\/\"\nonmouseover=\"this.style.color='#2a9aeb3d'\" \nonmouseout=\"this.style.color='#ffffff3d'\">\nJaime Grilo\n<\/a>\n\n<br>\n\n<a style=\"color: #ffffff3d;\" href=\"https:\/\/loadzx.com\/loadpttv2\/pt-c31\/\"\nonmouseover=\"this.style.color='#2a9aeb3d'\" \nonmouseout=\"this.style.color='#ffffff3d'\">\nValdir\n<\/a>\n\n<br>\n\n<a style=\"color: #ffffff3d;\" href=\"https:\/\/loadzx.com\/loadpttv2\/pt-c33\/\"\nonmouseover=\"this.style.color='#2a9aeb3d'\" \nonmouseout=\"this.style.color='#ffffff3d'\">\nTeam Mortiz\n<\/a>\n\n<br>\n\n<a style=\"color: #ffffff3d;\" href=\"https:\/\/loadzx.com\/loadpttv2\/pt-c35\/\"\nonmouseover=\"this.style.color='#2a9aeb3d'\" \nonmouseout=\"this.style.color='#ffffff3d'\">\nExpectroteam\n<\/a>\n\n<br>\n\n<a style=\"color: #ffffff3d;\" href=\"https:\/\/loadzx.com\/loadpttv2\/pt-c37\/\"\nonmouseover=\"this.style.color='#2a9aeb3d'\" \nonmouseout=\"this.style.color='#ffffff3d'\">\nOutros projetos e programadores\n<\/a>\t\t\t\t\t\t\t\t<\/div>\n\t\t\t\t<\/div>\n\t\t\t\t\t<\/div>\n\t\t<\/div>\n\t\t\t\t<div class=\"has_eae_slider elementor-column elementor-col-16 elementor-inner-column elementor-element elementor-element-38b16d9\" data-eae-slider=\"99085\" data-id=\"38b16d9\" data-element_type=\"column\">\n\t\t\t<div class=\"elementor-widget-wrap elementor-element-populated\">\n\t\t\t\t\t\t<div class=\"elementor-element elementor-element-4e14020 elementor-widget elementor-widget-text-editor\" data-id=\"4e14020\" data-element_type=\"widget\" data-widget_type=\"text-editor.default\">\n\t\t\t\t<div class=\"elementor-widget-container\">\n\t\t\t\t\t\t\t\t\t<div style=\"text-align: right;\">\n<div style=\"color: #ffffff3d;\">25<\/div>\n<div style=\"color: #ffffff3d;\">27<\/div>\n<div style=\"color: #ffffff3d;\">29<\/div>\n<div style=\"color: #ffffff3d;\">31<\/div>\n<div style=\"color: #ffffff3d;\">33<\/div>\n<div style=\"color: #ffffff3d;\">35<\/div>\n<div style=\"color: #ffffff3d;\">37<\/div>\n<\/div>\t\t\t\t\t\t\t\t<\/div>\n\t\t\t\t<\/div>\n\t\t\t\t\t<\/div>\n\t\t<\/div>\n\t\t\t\t\t<\/div>\n\t\t<\/section>\n\t\t\t\t\t<\/div>\n\t\t<\/div>\n\t\t\t\t\t<\/div>\n\t\t<\/section>\n\t\t\t\t<\/div>\n\t\t","protected":false},"excerpt":{"rendered":"<p>\u00cdNDICE PORTUGALIDADE &#8211; O PRESENTE HARDWARE E EMULA\u00c7\u00c3O REVISTAS E LIVROS JOGOS ZX Spectrum IODO ZX Interface Z WSpecEM (Emulador) EsxDOS (DivMMC \/ DivIDE) 2 4 6 8 Revista Pushstart Revista Espectro Revista Jogos 80 Protagonistas da TI Videojogos em Portugal (R)evolu\u00e7\u00e3o Interactiva Planeta Sinclair 11 13 14 16 18 20 22 Bitnamic Software Team [&hellip;]<\/p>\n","protected":false},"author":1,"featured_media":0,"parent":0,"menu_order":0,"comment_status":"closed","ping_status":"closed","template":"","meta":{"site-sidebar-layout":"no-sidebar","site-content-layout":"page-builder","ast-site-content-layout":"","site-content-style":"default","site-sidebar-style":"default","ast-global-header-display":"","ast-banner-title-visibility":"","ast-main-header-display":"","ast-hfb-above-header-display":"","ast-hfb-below-header-display":"","ast-hfb-mobile-header-display":"","site-post-title":"disabled","ast-breadcrumbs-content":"","ast-featured-img":"disabled","footer-sml-layout":"","theme-transparent-header-meta":"enabled","adv-header-id-meta":"","stick-header-meta":"","header-above-stick-meta":"","header-main-stick-meta":"","header-below-stick-meta":"","astra-migrate-meta-layouts":"default","ast-page-background-enabled":"default","ast-page-background-meta":{"desktop":{"background-color":"var(--ast-global-color-4)","background-image":"","background-repeat":"repeat","background-position":"center center","background-size":"auto","background-attachment":"scroll","background-type":"","background-media":"","overlay-type":"","overlay-color":"","overlay-opacity":"","overlay-gradient":""},"tablet":{"background-color":"","background-image":"","background-repeat":"repeat","background-position":"center center","background-size":"auto","background-attachment":"scroll","background-type":"","background-media":"","overlay-type":"","overlay-color":"","overlay-opacity":"","overlay-gradient":""},"mobile":{"background-color":"","background-image":"","background-repeat":"repeat","background-position":"center center","background-size":"auto","background-attachment":"scroll","background-type":"","background-media":"","overlay-type":"","overlay-color":"","overlay-opacity":"","overlay-gradient":""}},"ast-content-background-meta":{"desktop":{"background-color":"var(--ast-global-color-5)","background-image":"","background-repeat":"repeat","background-position":"center center","background-size":"auto","background-attachment":"scroll","background-type":"","background-media":"","overlay-type":"","overlay-color":"","overlay-opacity":"","overlay-gradient":""},"tablet":{"background-color":"var(--ast-global-color-5)","background-image":"","background-repeat":"repeat","background-position":"center center","background-size":"auto","background-attachment":"scroll","background-type":"","background-media":"","overlay-type":"","overlay-color":"","overlay-opacity":"","overlay-gradient":""},"mobile":{"background-color":"var(--ast-global-color-5)","background-image":"","background-repeat":"repeat","background-position":"center center","background-size":"auto","background-attachment":"scroll","background-type":"","background-media":"","overlay-type":"","overlay-color":"","overlay-opacity":"","overlay-gradient":""}},"footnotes":""},"wf_page_folders":[11],"class_list":["post-3073","page","type-page","status-publish","hentry"],"_links":{"self":[{"href":"https:\/\/loadzx.com\/loadpttv2\/wp-json\/wp\/v2\/pages\/3073","targetHints":{"allow":["GET"]}}],"collection":[{"href":"https:\/\/loadzx.com\/loadpttv2\/wp-json\/wp\/v2\/pages"}],"about":[{"href":"https:\/\/loadzx.com\/loadpttv2\/wp-json\/wp\/v2\/types\/page"}],"author":[{"embeddable":true,"href":"https:\/\/loadzx.com\/loadpttv2\/wp-json\/wp\/v2\/users\/1"}],"replies":[{"embeddable":true,"href":"https:\/\/loadzx.com\/loadpttv2\/wp-json\/wp\/v2\/comments?post=3073"}],"version-history":[{"count":0,"href":"https:\/\/loadzx.com\/loadpttv2\/wp-json\/wp\/v2\/pages\/3073\/revisions"}],"wp:attachment":[{"href":"https:\/\/loadzx.com\/loadpttv2\/wp-json\/wp\/v2\/media?parent=3073"}],"wp:term":[{"taxonomy":"wf_page_folders","embeddable":true,"href":"https:\/\/loadzx.com\/loadpttv2\/wp-json\/wp\/v2\/wf_page_folders?post=3073"}],"curies":[{"name":"wp","href":"https:\/\/api.w.org\/{rel}","templated":true}]}}