{"id":2570,"date":"2020-06-23T20:26:23","date_gmt":"2020-06-23T20:26:23","guid":{"rendered":"https:\/\/loadzx.com\/loadpttv1\/?page_id=2570"},"modified":"2020-08-02T14:19:57","modified_gmt":"2020-08-02T14:19:57","slug":"pt-c43","status":"publish","type":"page","link":"https:\/\/loadzx.com\/loadpttv1\/pt-c43\/","title":{"rendered":"pt-c43 -corrida-caracois"},"content":{"rendered":"\t\t<div data-elementor-type=\"wp-post\" data-elementor-id=\"2570\" class=\"elementor elementor-2570\">\n\t\t\t\t\t\t<section class=\"has_eae_slider elementor-section elementor-top-section elementor-element elementor-element-acda2f3 elementor-section-stretched elementor-section-boxed elementor-section-height-default elementor-section-height-default\" data-eae-slider=\"68663\" data-id=\"acda2f3\" data-element_type=\"section\" data-e-type=\"section\" data-settings=\"{&quot;background_background&quot;:&quot;classic&quot;,&quot;stretch_section&quot;:&quot;section-stretched&quot;}\">\n\t\t\t\t\t\t\t<div class=\"elementor-background-overlay\"><\/div>\n\t\t\t\t\t\t\t<div class=\"elementor-container elementor-column-gap-no\">\n\t\t\t\t\t<div class=\"has_eae_slider elementor-column elementor-col-100 elementor-top-column elementor-element elementor-element-fd34f7d\" data-eae-slider=\"73411\" data-id=\"fd34f7d\" data-element_type=\"column\" data-e-type=\"column\">\n\t\t\t<div class=\"elementor-widget-wrap elementor-element-populated\">\n\t\t\t\t\t\t<div class=\"elementor-element elementor-element-0d7cb1d elementor-widget elementor-widget-heading\" data-id=\"0d7cb1d\" data-element_type=\"widget\" data-e-type=\"widget\" data-widget_type=\"heading.default\">\n\t\t\t\t<div class=\"elementor-widget-container\">\n\t\t\t\t\t<h2 class=\"elementor-heading-title elementor-size-default\">CORRIDA DE CARAC\u00d3IS (3\/3)<\/h2>\t\t\t\t<\/div>\n\t\t\t\t<\/div>\n\t\t\t\t<section class=\"has_eae_slider elementor-section elementor-inner-section elementor-element elementor-element-5dbb992 elementor-section-boxed elementor-section-height-default elementor-section-height-default\" data-eae-slider=\"97800\" data-id=\"5dbb992\" data-element_type=\"section\" data-e-type=\"section\">\n\t\t\t\t\t\t<div class=\"elementor-container elementor-column-gap-default\">\n\t\t\t\t\t<div class=\"has_eae_slider elementor-column elementor-col-50 elementor-inner-column elementor-element elementor-element-fd1e495\" data-eae-slider=\"76200\" data-id=\"fd1e495\" data-element_type=\"column\" data-e-type=\"column\">\n\t\t\t<div class=\"elementor-widget-wrap elementor-element-populated\">\n\t\t\t\t\t\t<div class=\"elementor-element elementor-element-96ba812 elementor-widget elementor-widget-text-editor\" data-id=\"96ba812\" data-element_type=\"widget\" data-e-type=\"widget\" data-widget_type=\"text-editor.default\">\n\t\t\t\t<div class=\"elementor-widget-container\">\n\t\t\t\t\t\t\t\t\tPara este desfecho, que teve in\u00fameros cap\u00edtulos, contribuiu tamb\u00e9m a <a href=\"https:\/\/planetasinclair.blogspot.com\/2020\/01\/microse7e-n-36.html\">revista n\u00famero 36 da MicroSe7e<\/a> que o nosso Museu cedeu e onde a hist\u00f3ria do jogo \u00e9 abordada. Daqui chegou-se ao filho do Maestro Pedro Os\u00f3rio que partilhou o vinyl que acompanhava o jogo. Mas do jogo, nem v\u00ea-lo\u2026 E eis que num segundo golpe de sorte, um membro da comunidade, Ricardo Mendes, lembra-se que tem o jogo em casa e consegue-se finalmente a sua\ndigitaliza\u00e7\u00e3o. \n\t\t\t\t\t\t\t\t<\/div>\n\t\t\t\t<\/div>\n\t\t\t\t\t<\/div>\n\t\t<\/div>\n\t\t\t\t<div class=\"has_eae_slider elementor-column elementor-col-50 elementor-inner-column elementor-element elementor-element-eff43ae\" data-eae-slider=\"43164\" data-id=\"eff43ae\" data-element_type=\"column\" data-e-type=\"column\">\n\t\t\t<div class=\"elementor-widget-wrap elementor-element-populated\">\n\t\t\t\t\t\t<div class=\"elementor-element elementor-element-040e576 elementor-widget elementor-widget-image\" data-id=\"040e576\" data-element_type=\"widget\" data-e-type=\"widget\" data-widget_type=\"image.default\">\n\t\t\t\t<div class=\"elementor-widget-container\">\n\t\t\t\t\t\t\t\t\t\t\t\t\t\t\t<img fetchpriority=\"high\" decoding=\"async\" width=\"320\" height=\"221\" src=\"https:\/\/loadzx.com\/loadpttv1\/wp-content\/uploads\/2020\/08\/corrida-caracois2.png\" class=\"attachment-large size-large wp-image-2815\" alt=\"\" srcset=\"https:\/\/loadzx.com\/loadpttv1\/wp-content\/uploads\/2020\/08\/corrida-caracois2.png 320w, https:\/\/loadzx.com\/loadpttv1\/wp-content\/uploads\/2020\/08\/corrida-caracois2-300x207.png 300w\" sizes=\"(max-width: 320px) 100vw, 320px\" \/>\t\t\t\t\t\t\t\t\t\t\t\t\t\t\t<\/div>\n\t\t\t\t<\/div>\n\t\t\t\t\t<\/div>\n\t\t<\/div>\n\t\t\t\t\t<\/div>\n\t\t<\/section>\n\t\t\t\t<div class=\"elementor-element elementor-element-fec072f elementor-widget elementor-widget-spacer\" data-id=\"fec072f\" data-element_type=\"widget\" data-e-type=\"widget\" data-widget_type=\"spacer.default\">\n\t\t\t\t<div class=\"elementor-widget-container\">\n\t\t\t\t\t\t\t<div class=\"elementor-spacer\">\n\t\t\t<div class=\"elementor-spacer-inner\"><\/div>\n\t\t<\/div>\n\t\t\t\t\t\t<\/div>\n\t\t\t\t<\/div>\n\t\t\t\t<div class=\"elementor-element elementor-element-7c01754 elementor-widget elementor-widget-text-editor\" data-id=\"7c01754\" data-element_type=\"widget\" data-e-type=\"widget\" data-widget_type=\"text-editor.default\">\n\t\t\t\t<div class=\"elementor-widget-container\">\n\t\t\t\t\t\t\t\t\t\u201cCorrida de Carac\u00f3is est\u00e1 ent\u00e3o finalmente dispon\u00edvel para a comunidade portuguesa, depois de longos anos perdido. E o jogo \u00e9 bom. Muito bom,\nmesmo! \u201c\t\t\t\t\t\t\t\t<\/div>\n\t\t\t\t<\/div>\n\t\t\t\t\t<\/div>\n\t\t<\/div>\n\t\t\t\t\t<\/div>\n\t\t<\/section>\n\t\t\t\t<\/div>\n\t\t","protected":false},"excerpt":{"rendered":"<p>CORRIDA DE CARAC\u00d3IS (3\/3) Para este desfecho, que teve in\u00fameros cap\u00edtulos, contribuiu tamb\u00e9m a revista n\u00famero 36 da MicroSe7e que o nosso Museu cedeu e onde a hist\u00f3ria do jogo \u00e9 abordada. Daqui chegou-se ao filho do Maestro Pedro Os\u00f3rio que partilhou o vinyl que acompanhava o jogo. Mas do jogo, nem v\u00ea-lo\u2026 E eis [&hellip;]<\/p>\n","protected":false},"author":1,"featured_media":0,"parent":0,"menu_order":0,"comment_status":"closed","ping_status":"closed","template":"","meta":{"site-sidebar-layout":"no-sidebar","site-content-layout":"page-builder","ast-site-content-layout":"default","site-content-style":"default","site-sidebar-style":"default","ast-global-header-display":"","ast-banner-title-visibility":"","ast-main-header-display":"","ast-hfb-above-header-display":"","ast-hfb-below-header-display":"","ast-hfb-mobile-header-display":"","site-post-title":"disabled","ast-breadcrumbs-content":"","ast-featured-img":"disabled","footer-sml-layout":"","ast-disable-related-posts":"","theme-transparent-header-meta":"enabled","adv-header-id-meta":"","stick-header-meta":"","header-above-stick-meta":"","header-main-stick-meta":"","header-below-stick-meta":"","astra-migrate-meta-layouts":"default","ast-page-background-enabled":"default","ast-page-background-meta":{"desktop":{"background-color":"var(--ast-global-color-4)","background-image":"","background-repeat":"repeat","background-position":"center center","background-size":"auto","background-attachment":"scroll","background-type":"","background-media":"","overlay-type":"","overlay-color":"","overlay-opacity":"","overlay-gradient":""},"tablet":{"background-color":"","background-image":"","background-repeat":"repeat","background-position":"center center","background-size":"auto","background-attachment":"scroll","background-type":"","background-media":"","overlay-type":"","overlay-color":"","overlay-opacity":"","overlay-gradient":""},"mobile":{"background-color":"","background-image":"","background-repeat":"repeat","background-position":"center center","background-size":"auto","background-attachment":"scroll","background-type":"","background-media":"","overlay-type":"","overlay-color":"","overlay-opacity":"","overlay-gradient":""}},"ast-content-background-meta":{"desktop":{"background-color":"var(--ast-global-color-5)","background-image":"","background-repeat":"repeat","background-position":"center center","background-size":"auto","background-attachment":"scroll","background-type":"","background-media":"","overlay-type":"","overlay-color":"","overlay-opacity":"","overlay-gradient":""},"tablet":{"background-color":"var(--ast-global-color-5)","background-image":"","background-repeat":"repeat","background-position":"center center","background-size":"auto","background-attachment":"scroll","background-type":"","background-media":"","overlay-type":"","overlay-color":"","overlay-opacity":"","overlay-gradient":""},"mobile":{"background-color":"var(--ast-global-color-5)","background-image":"","background-repeat":"repeat","background-position":"center center","background-size":"auto","background-attachment":"scroll","background-type":"","background-media":"","overlay-type":"","overlay-color":"","overlay-opacity":"","overlay-gradient":""}},"footnotes":""},"wf_page_folders":[11],"class_list":["post-2570","page","type-page","status-publish","hentry"],"_links":{"self":[{"href":"https:\/\/loadzx.com\/loadpttv1\/wp-json\/wp\/v2\/pages\/2570","targetHints":{"allow":["GET"]}}],"collection":[{"href":"https:\/\/loadzx.com\/loadpttv1\/wp-json\/wp\/v2\/pages"}],"about":[{"href":"https:\/\/loadzx.com\/loadpttv1\/wp-json\/wp\/v2\/types\/page"}],"author":[{"embeddable":true,"href":"https:\/\/loadzx.com\/loadpttv1\/wp-json\/wp\/v2\/users\/1"}],"replies":[{"embeddable":true,"href":"https:\/\/loadzx.com\/loadpttv1\/wp-json\/wp\/v2\/comments?post=2570"}],"version-history":[{"count":0,"href":"https:\/\/loadzx.com\/loadpttv1\/wp-json\/wp\/v2\/pages\/2570\/revisions"}],"wp:attachment":[{"href":"https:\/\/loadzx.com\/loadpttv1\/wp-json\/wp\/v2\/media?parent=2570"}],"wp:term":[{"taxonomy":"wf_page_folders","embeddable":true,"href":"https:\/\/loadzx.com\/loadpttv1\/wp-json\/wp\/v2\/wf_page_folders?post=2570"}],"curies":[{"name":"wp","href":"https:\/\/api.w.org\/{rel}","templated":true}]}}